{"id":632,"date":"2022-06-03T19:42:19","date_gmt":"2022-06-03T19:42:19","guid":{"rendered":"https:\/\/tirofederalgualeguay.com.ar\/?page_id=632"},"modified":"2022-06-03T19:45:36","modified_gmt":"2022-06-03T19:45:36","slug":"arqueria","status":"publish","type":"page","link":"https:\/\/tirofederalgualeguay.com.ar\/?page_id=632","title":{"rendered":"Arquer\u00eda"},"content":{"rendered":"\t\t<div data-elementor-type=\"wp-page\" data-elementor-id=\"632\" class=\"elementor elementor-632\">\n\t\t\t\t\t\t\t\t\t<section class=\"elementor-section elementor-top-section elementor-element elementor-element-283bcc0 elementor-section-boxed elementor-section-height-default elementor-section-height-default\" data-id=\"283bcc0\" data-element_type=\"section\">\n\t\t\t\t\t\t<div class=\"elementor-container elementor-column-gap-default\">\n\t\t\t\t\t<div class=\"elementor-column elementor-col-100 elementor-top-column elementor-element elementor-element-005851c\" data-id=\"005851c\" data-element_type=\"column\">\n\t\t\t<div class=\"elementor-widget-wrap elementor-element-populated\">\n\t\t\t\t\t\t\t\t<div class=\"elementor-element elementor-element-3f4d0c0 elementor-widget elementor-widget-heading\" data-id=\"3f4d0c0\" data-element_type=\"widget\" data-widget_type=\"heading.default\">\n\t\t\t\t<div class=\"elementor-widget-container\">\n\t\t\t<style>\/*! elementor - v3.6.5 - 27-04-2022 *\/\n.elementor-heading-title{padding:0;margin:0;line-height:1}.elementor-widget-heading .elementor-heading-title[class*=elementor-size-]>a{color:inherit;font-size:inherit;line-height:inherit}.elementor-widget-heading .elementor-heading-title.elementor-size-small{font-size:15px}.elementor-widget-heading .elementor-heading-title.elementor-size-medium{font-size:19px}.elementor-widget-heading .elementor-heading-title.elementor-size-large{font-size:29px}.elementor-widget-heading .elementor-heading-title.elementor-size-xl{font-size:39px}.elementor-widget-heading .elementor-heading-title.elementor-size-xxl{font-size:59px}<\/style><h2 class=\"elementor-heading-title elementor-size-default\">Arquer\u00eda<\/h2>\t\t<\/div>\n\t\t\t\t<\/div>\n\t\t\t\t\t<\/div>\n\t\t<\/div>\n\t\t\t\t\t\t\t<\/div>\n\t\t<\/section>\n\t\t\t\t<section class=\"elementor-section elementor-top-section elementor-element elementor-element-2f7a4c0 elementor-section-boxed elementor-section-height-default elementor-section-height-default\" data-id=\"2f7a4c0\" data-element_type=\"section\">\n\t\t\t\t\t\t<div class=\"elementor-container elementor-column-gap-default\">\n\t\t\t\t\t<div class=\"elementor-column elementor-col-66 elementor-top-column elementor-element elementor-element-acf21c7\" data-id=\"acf21c7\" data-element_type=\"column\">\n\t\t\t<div class=\"elementor-widget-wrap elementor-element-populated\">\n\t\t\t\t\t\t\t\t<div class=\"elementor-element elementor-element-cecc833 elementor-widget elementor-widget-text-editor\" data-id=\"cecc833\" data-element_type=\"widget\" data-widget_type=\"text-editor.default\">\n\t\t\t\t<div class=\"elementor-widget-container\">\n\t\t\t<style>\/*! elementor - v3.6.5 - 27-04-2022 *\/\n.elementor-widget-text-editor.elementor-drop-cap-view-stacked .elementor-drop-cap{background-color:#818a91;color:#fff}.elementor-widget-text-editor.elementor-drop-cap-view-framed .elementor-drop-cap{color:#818a91;border:3px solid;background-color:transparent}.elementor-widget-text-editor:not(.elementor-drop-cap-view-default) .elementor-drop-cap{margin-top:8px}.elementor-widget-text-editor:not(.elementor-drop-cap-view-default) .elementor-drop-cap-letter{width:1em;height:1em}.elementor-widget-text-editor .elementor-drop-cap{float:left;text-align:center;line-height:1;font-size:50px}.elementor-widget-text-editor .elementor-drop-cap-letter{display:inline-block}<\/style>\t\t\t\t<p>Durante el a\u00f1o 2021 a pedido de los socios se realiz\u00f3 una master class de arquer\u00eda abierta a toda la comunidad, siendo el puntapi\u00e9 inicial para la creaci\u00f3n del campo de arquer\u00eda de nuestra instituci\u00f3n.\u00a0<\/p><p>Actualmente se ha acondicionado un sector espec\u00edfico para arquer\u00eda en el cual se realizan pr\u00e1cticas los d\u00edas s\u00e1bados por la tarde.<\/p>\t\t\t\t\t\t<\/div>\n\t\t\t\t<\/div>\n\t\t\t\t\t<\/div>\n\t\t<\/div>\n\t\t\t\t<div class=\"elementor-column elementor-col-33 elementor-top-column elementor-element elementor-element-4c157d9\" data-id=\"4c157d9\" data-element_type=\"column\">\n\t\t\t<div class=\"elementor-widget-wrap elementor-element-populated\">\n\t\t\t\t\t\t\t\t<div class=\"elementor-element elementor-element-3600d49 elementor-widget elementor-widget-image\" data-id=\"3600d49\" data-element_type=\"widget\" data-widget_type=\"image.default\">\n\t\t\t\t<div class=\"elementor-widget-container\">\n\t\t\t<style>\/*! elementor - v3.6.5 - 27-04-2022 *\/\n.elementor-widget-image{text-align:center}.elementor-widget-image a{display:inline-block}.elementor-widget-image a img[src$=\".svg\"]{width:48px}.elementor-widget-image img{vertical-align:middle;display:inline-block}<\/style>\t\t\t\t\t\t\t\t\t\t\t\t<img width=\"300\" height=\"300\" src=\"https:\/\/tirofederalgualeguay.com.ar\/wp-content\/uploads\/2022\/05\/279381074_10158342574031857_5005185568800158135_n-300x300.jpg\" class=\"attachment-medium size-medium\" alt=\"\" loading=\"lazy\" srcset=\"https:\/\/tirofederalgualeguay.com.ar\/wp-content\/uploads\/2022\/05\/279381074_10158342574031857_5005185568800158135_n-300x300.jpg 300w, https:\/\/tirofederalgualeguay.com.ar\/wp-content\/uploads\/2022\/05\/279381074_10158342574031857_5005185568800158135_n-150x150.jpg 150w, https:\/\/tirofederalgualeguay.com.ar\/wp-content\/uploads\/2022\/05\/279381074_10158342574031857_5005185568800158135_n.jpg 640w\" sizes=\"(max-width: 300px) 100vw, 300px\" \/>\t\t\t\t\t\t\t\t\t\t\t\t\t\t\t<\/div>\n\t\t\t\t<\/div>\n\t\t\t\t\t<\/div>\n\t\t<\/div>\n\t\t\t\t\t\t\t<\/div>\n\t\t<\/section>\n\t\t\t\t<section class=\"elementor-section elementor-top-section elementor-element elementor-element-94750d2 elementor-section-boxed elementor-section-height-default elementor-section-height-default\" data-id=\"94750d2\" data-element_type=\"section\">\n\t\t\t\t\t\t<div class=\"elementor-container elementor-column-gap-default\">\n\t\t\t\t\t<div class=\"elementor-column elementor-col-33 elementor-top-column elementor-element elementor-element-ae00920\" data-id=\"ae00920\" data-element_type=\"column\">\n\t\t\t<div class=\"elementor-widget-wrap elementor-element-populated\">\n\t\t\t\t\t\t\t\t<div class=\"elementor-element elementor-element-f0209af elementor-widget elementor-widget-image\" data-id=\"f0209af\" data-element_type=\"widget\" data-widget_type=\"image.default\">\n\t\t\t\t<div class=\"elementor-widget-container\">\n\t\t\t\t\t\t\t\t\t\t\t\t\t\t\t<img width=\"768\" height=\"576\" src=\"https:\/\/tirofederalgualeguay.com.ar\/wp-content\/uploads\/2022\/05\/280427033_10158361904426857_3180273381945133225_n-768x576.jpg\" class=\"attachment-medium_large size-medium_large\" alt=\"\" loading=\"lazy\" srcset=\"https:\/\/tirofederalgualeguay.com.ar\/wp-content\/uploads\/2022\/05\/280427033_10158361904426857_3180273381945133225_n-768x576.jpg 768w, https:\/\/tirofederalgualeguay.com.ar\/wp-content\/uploads\/2022\/05\/280427033_10158361904426857_3180273381945133225_n-300x225.jpg 300w, https:\/\/tirofederalgualeguay.com.ar\/wp-content\/uploads\/2022\/05\/280427033_10158361904426857_3180273381945133225_n-1024x768.jpg 1024w, https:\/\/tirofederalgualeguay.com.ar\/wp-content\/uploads\/2022\/05\/280427033_10158361904426857_3180273381945133225_n-1536x1153.jpg 1536w, https:\/\/tirofederalgualeguay.com.ar\/wp-content\/uploads\/2022\/05\/280427033_10158361904426857_3180273381945133225_n.jpg 1599w\" sizes=\"(max-width: 768px) 100vw, 768px\" \/>\t\t\t\t\t\t\t\t\t\t\t\t\t\t\t<\/div>\n\t\t\t\t<\/div>\n\t\t\t\t\t<\/div>\n\t\t<\/div>\n\t\t\t\t<div class=\"elementor-column elementor-col-33 elementor-top-column elementor-element elementor-element-b10e5f1\" data-id=\"b10e5f1\" data-element_type=\"column\">\n\t\t\t<div class=\"elementor-widget-wrap elementor-element-populated\">\n\t\t\t\t\t\t\t\t<div class=\"elementor-element elementor-element-51257e4 elementor-widget elementor-widget-image\" data-id=\"51257e4\" data-element_type=\"widget\" data-widget_type=\"image.default\">\n\t\t\t\t<div class=\"elementor-widget-container\">\n\t\t\t\t\t\t\t\t\t\t\t\t\t\t\t<img width=\"768\" height=\"576\" src=\"https:\/\/tirofederalgualeguay.com.ar\/wp-content\/uploads\/2022\/05\/20210509_090451-768x576.jpg\" class=\"attachment-medium_large size-medium_large\" alt=\"\" loading=\"lazy\" srcset=\"https:\/\/tirofederalgualeguay.com.ar\/wp-content\/uploads\/2022\/05\/20210509_090451-768x576.jpg 768w, https:\/\/tirofederalgualeguay.com.ar\/wp-content\/uploads\/2022\/05\/20210509_090451-300x225.jpg 300w, https:\/\/tirofederalgualeguay.com.ar\/wp-content\/uploads\/2022\/05\/20210509_090451-1024x768.jpg 1024w, https:\/\/tirofederalgualeguay.com.ar\/wp-content\/uploads\/2022\/05\/20210509_090451-1536x1152.jpg 1536w, https:\/\/tirofederalgualeguay.com.ar\/wp-content\/uploads\/2022\/05\/20210509_090451-2048x1536.jpg 2048w\" sizes=\"(max-width: 768px) 100vw, 768px\" \/>\t\t\t\t\t\t\t\t\t\t\t\t\t\t\t<\/div>\n\t\t\t\t<\/div>\n\t\t\t\t\t<\/div>\n\t\t<\/div>\n\t\t\t\t<div class=\"elementor-column elementor-col-33 elementor-top-column elementor-element elementor-element-9b0fff0\" data-id=\"9b0fff0\" data-element_type=\"column\">\n\t\t\t<div class=\"elementor-widget-wrap elementor-element-populated\">\n\t\t\t\t\t\t\t\t<div class=\"elementor-element elementor-element-41ede91 elementor-widget elementor-widget-image\" data-id=\"41ede91\" data-element_type=\"widget\" data-widget_type=\"image.default\">\n\t\t\t\t<div class=\"elementor-widget-container\">\n\t\t\t\t\t\t\t\t\t\t\t\t\t\t\t<img width=\"768\" height=\"576\" src=\"https:\/\/tirofederalgualeguay.com.ar\/wp-content\/uploads\/2022\/05\/281407900_10158361905231857_3999823383000763404_n-768x576.jpg\" class=\"attachment-medium_large size-medium_large\" alt=\"\" loading=\"lazy\" srcset=\"https:\/\/tirofederalgualeguay.com.ar\/wp-content\/uploads\/2022\/05\/281407900_10158361905231857_3999823383000763404_n-768x576.jpg 768w, https:\/\/tirofederalgualeguay.com.ar\/wp-content\/uploads\/2022\/05\/281407900_10158361905231857_3999823383000763404_n-300x225.jpg 300w, https:\/\/tirofederalgualeguay.com.ar\/wp-content\/uploads\/2022\/05\/281407900_10158361905231857_3999823383000763404_n-1024x768.jpg 1024w, https:\/\/tirofederalgualeguay.com.ar\/wp-content\/uploads\/2022\/05\/281407900_10158361905231857_3999823383000763404_n-1536x1152.jpg 1536w, https:\/\/tirofederalgualeguay.com.ar\/wp-content\/uploads\/2022\/05\/281407900_10158361905231857_3999823383000763404_n.jpg 2048w\" sizes=\"(max-width: 768px) 100vw, 768px\" \/>\t\t\t\t\t\t\t\t\t\t\t\t\t\t\t<\/div>\n\t\t\t\t<\/div>\n\t\t\t\t\t<\/div>\n\t\t<\/div>\n\t\t\t\t\t\t\t<\/div>\n\t\t<\/section>\n\t\t\t\t\t\t\t<\/div>\n\t\t","protected":false},"excerpt":{"rendered":"<p>Arquer\u00eda Durante el a\u00f1o 2021 a pedido de los socios se realiz\u00f3 una master class de arquer\u00eda abierta a toda la comunidad, siendo el puntapi\u00e9 inicial para la creaci\u00f3n del campo de arquer\u00eda de nuestra instituci\u00f3n.\u00a0 Actualmente se ha acondicionado un sector espec\u00edfico para arquer\u00eda en el cual se realizan pr\u00e1cticas los d\u00edas s\u00e1bados por &hellip;<\/p>\n<p class=\"read-more\"> <a class=\"\" href=\"https:\/\/tirofederalgualeguay.com.ar\/?page_id=632\"> <span class=\"screen-reader-text\">Arquer\u00eda<\/span> Read More &raquo;<\/a><\/p>\n","protected":false},"author":2,"featured_media":0,"parent":0,"menu_order":0,"comment_status":"closed","ping_status":"closed","template":"","meta":{"om_disable_all_campaigns":false,"_monsterinsights_skip_tracking":false,"_monsterinsights_sitenote_active":false,"_monsterinsights_sitenote_note":"","_monsterinsights_sitenote_category":0,"site-sidebar-layout":"no-sidebar","site-content-layout":"page-builder","ast-global-header-display":"","ast-main-header-display":"","ast-hfb-above-header-display":"","ast-hfb-below-header-display":"","ast-hfb-mobile-header-display":"","site-post-title":"disabled","ast-breadcrumbs-content":"","ast-featured-img":"disabled","footer-sml-layout":"","theme-transparent-header-meta":"","adv-header-id-meta":"","stick-header-meta":"","header-above-stick-meta":"","header-main-stick-meta":"","header-below-stick-meta":""},"_links":{"self":[{"href":"https:\/\/tirofederalgualeguay.com.ar\/index.php?rest_route=\/wp\/v2\/pages\/632"}],"collection":[{"href":"https:\/\/tirofederalgualeguay.com.ar\/index.php?rest_route=\/wp\/v2\/pages"}],"about":[{"href":"https:\/\/tirofederalgualeguay.com.ar\/index.php?rest_route=\/wp\/v2\/types\/page"}],"author":[{"embeddable":true,"href":"https:\/\/tirofederalgualeguay.com.ar\/index.php?rest_route=\/wp\/v2\/users\/2"}],"replies":[{"embeddable":true,"href":"https:\/\/tirofederalgualeguay.com.ar\/index.php?rest_route=%2Fwp%2Fv2%2Fcomments&post=632"}],"version-history":[{"count":4,"href":"https:\/\/tirofederalgualeguay.com.ar\/index.php?rest_route=\/wp\/v2\/pages\/632\/revisions"}],"predecessor-version":[{"id":637,"href":"https:\/\/tirofederalgualeguay.com.ar\/index.php?rest_route=\/wp\/v2\/pages\/632\/revisions\/637"}],"wp:attachment":[{"href":"https:\/\/tirofederalgualeguay.com.ar\/index.php?rest_route=%2Fwp%2Fv2%2Fmedia&parent=632"}],"curies":[{"name":"wp","href":"https:\/\/api.w.org\/{rel}","templated":true}]}}