{"id":616,"date":"2022-06-03T19:23:58","date_gmt":"2022-06-03T19:23:58","guid":{"rendered":"https:\/\/tirofederalgualeguay.com.ar\/?page_id=616"},"modified":"2022-06-03T19:30:30","modified_gmt":"2022-06-03T19:30:30","slug":"tiro-deportivo","status":"publish","type":"page","link":"https:\/\/tirofederalgualeguay.com.ar\/?page_id=616","title":{"rendered":"Tiro Deportivo"},"content":{"rendered":"\t\t<div data-elementor-type=\"wp-page\" data-elementor-id=\"616\" class=\"elementor elementor-616\">\n\t\t\t\t\t\t\t\t\t<section class=\"elementor-section elementor-top-section elementor-element elementor-element-a97255d elementor-section-boxed elementor-section-height-default elementor-section-height-default\" data-id=\"a97255d\" data-element_type=\"section\">\n\t\t\t\t\t\t<div class=\"elementor-container elementor-column-gap-default\">\n\t\t\t\t\t<div class=\"elementor-column elementor-col-100 elementor-top-column elementor-element elementor-element-112b547\" data-id=\"112b547\" data-element_type=\"column\">\n\t\t\t<div class=\"elementor-widget-wrap elementor-element-populated\">\n\t\t\t\t\t\t\t\t<div class=\"elementor-element elementor-element-85674f7 elementor-widget elementor-widget-heading\" data-id=\"85674f7\" data-element_type=\"widget\" data-widget_type=\"heading.default\">\n\t\t\t\t<div class=\"elementor-widget-container\">\n\t\t\t<style>\/*! elementor - v3.6.5 - 27-04-2022 *\/\n.elementor-heading-title{padding:0;margin:0;line-height:1}.elementor-widget-heading .elementor-heading-title[class*=elementor-size-]>a{color:inherit;font-size:inherit;line-height:inherit}.elementor-widget-heading .elementor-heading-title.elementor-size-small{font-size:15px}.elementor-widget-heading .elementor-heading-title.elementor-size-medium{font-size:19px}.elementor-widget-heading .elementor-heading-title.elementor-size-large{font-size:29px}.elementor-widget-heading .elementor-heading-title.elementor-size-xl{font-size:39px}.elementor-widget-heading .elementor-heading-title.elementor-size-xxl{font-size:59px}<\/style><h2 class=\"elementor-heading-title elementor-size-default\">Tiro deportivo<\/h2>\t\t<\/div>\n\t\t\t\t<\/div>\n\t\t\t\t\t<\/div>\n\t\t<\/div>\n\t\t\t\t\t\t\t<\/div>\n\t\t<\/section>\n\t\t\t\t<section class=\"elementor-section elementor-top-section elementor-element elementor-element-9a9d346 elementor-section-boxed elementor-section-height-default elementor-section-height-default\" data-id=\"9a9d346\" data-element_type=\"section\">\n\t\t\t\t\t\t<div class=\"elementor-container elementor-column-gap-default\">\n\t\t\t\t\t<div class=\"elementor-column elementor-col-50 elementor-top-column elementor-element elementor-element-ae7c4b6\" data-id=\"ae7c4b6\" data-element_type=\"column\">\n\t\t\t<div class=\"elementor-widget-wrap elementor-element-populated\">\n\t\t\t\t\t\t\t\t<div class=\"elementor-element elementor-element-7d02342 elementor-widget elementor-widget-text-editor\" data-id=\"7d02342\" data-element_type=\"widget\" data-widget_type=\"text-editor.default\">\n\t\t\t\t<div class=\"elementor-widget-container\">\n\t\t\t<style>\/*! elementor - v3.6.5 - 27-04-2022 *\/\n.elementor-widget-text-editor.elementor-drop-cap-view-stacked .elementor-drop-cap{background-color:#818a91;color:#fff}.elementor-widget-text-editor.elementor-drop-cap-view-framed .elementor-drop-cap{color:#818a91;border:3px solid;background-color:transparent}.elementor-widget-text-editor:not(.elementor-drop-cap-view-default) .elementor-drop-cap{margin-top:8px}.elementor-widget-text-editor:not(.elementor-drop-cap-view-default) .elementor-drop-cap-letter{width:1em;height:1em}.elementor-widget-text-editor .elementor-drop-cap{float:left;text-align:center;line-height:1;font-size:50px}.elementor-widget-text-editor .elementor-drop-cap-letter{display:inline-block}<\/style>\t\t\t\t<p><strong>Tiro con armas de fuego<\/strong><\/p><p><img loading=\"lazy\" class=\"size-medium wp-image-450 alignleft\" src=\"http:\/\/tirofederalgualeguay.com.ar\/wp-content\/uploads\/2022\/05\/20210502_094147-225x300.jpg\" alt=\"\" width=\"225\" height=\"300\" srcset=\"https:\/\/tirofederalgualeguay.com.ar\/wp-content\/uploads\/2022\/05\/20210502_094147-225x300.jpg 225w, https:\/\/tirofederalgualeguay.com.ar\/wp-content\/uploads\/2022\/05\/20210502_094147-768x1024.jpg 768w, https:\/\/tirofederalgualeguay.com.ar\/wp-content\/uploads\/2022\/05\/20210502_094147-1152x1536.jpg 1152w, https:\/\/tirofederalgualeguay.com.ar\/wp-content\/uploads\/2022\/05\/20210502_094147-1536x2048.jpg 1536w, https:\/\/tirofederalgualeguay.com.ar\/wp-content\/uploads\/2022\/05\/20210502_094147-scaled.jpg 1920w\" sizes=\"(max-width: 225px) 100vw, 225px\" \/><\/p><p>La instituci\u00f3n cuenta con un pol\u00edgono habilitado para su uso con armas cortas (pistolas y rev\u00f3lveres) y armas largas (hasta calibre 22LR), con 6 l\u00edneas de tiro a 25 y 50 metros, se\u00f1ales luminosas y auditivas y control permanente de Instructores de Tiro habilitados por ANMAC.<\/p>\t\t\t\t\t\t<\/div>\n\t\t\t\t<\/div>\n\t\t\t\t\t<\/div>\n\t\t<\/div>\n\t\t\t\t<div class=\"elementor-column elementor-col-50 elementor-top-column elementor-element elementor-element-56f3e8c\" data-id=\"56f3e8c\" data-element_type=\"column\">\n\t\t\t<div class=\"elementor-widget-wrap elementor-element-populated\">\n\t\t\t\t\t\t\t\t<div class=\"elementor-element elementor-element-ca9f684 elementor-widget elementor-widget-text-editor\" data-id=\"ca9f684\" data-element_type=\"widget\" data-widget_type=\"text-editor.default\">\n\t\t\t\t<div class=\"elementor-widget-container\">\n\t\t\t\t\t\t\t<p><strong>Tiro con aire comprimido<\/strong><\/p><p><img loading=\"lazy\" class=\"size-medium wp-image-371 aligncenter\" src=\"http:\/\/tirofederalgualeguay.com.ar\/wp-content\/uploads\/2022\/05\/20191214_164132-300x225.jpg\" alt=\"\" width=\"300\" height=\"225\" srcset=\"https:\/\/tirofederalgualeguay.com.ar\/wp-content\/uploads\/2022\/05\/20191214_164132-300x225.jpg 300w, https:\/\/tirofederalgualeguay.com.ar\/wp-content\/uploads\/2022\/05\/20191214_164132-1024x768.jpg 1024w, https:\/\/tirofederalgualeguay.com.ar\/wp-content\/uploads\/2022\/05\/20191214_164132-768x576.jpg 768w, https:\/\/tirofederalgualeguay.com.ar\/wp-content\/uploads\/2022\/05\/20191214_164132-1536x1152.jpg 1536w, https:\/\/tirofederalgualeguay.com.ar\/wp-content\/uploads\/2022\/05\/20191214_164132-2048x1536.jpg 2048w\" sizes=\"(max-width: 300px) 100vw, 300px\" \/><br \/>La instituci\u00f3n cuenta con un pol\u00edgono cerrado para pr\u00e1cticas de tiro con armas de aire comprimido, pistolas y carabinas, con 7 l\u00edneas automatizadas a 10 metros de distancia. Cuenta adem\u00e1s con una escuela de tiro con aire comprimido.<\/p>\t\t\t\t\t\t<\/div>\n\t\t\t\t<\/div>\n\t\t\t\t\t<\/div>\n\t\t<\/div>\n\t\t\t\t\t\t\t<\/div>\n\t\t<\/section>\n\t\t\t\t\t\t\t<\/div>\n\t\t","protected":false},"excerpt":{"rendered":"<p>Tiro deportivo Tiro con armas de fuego La instituci\u00f3n cuenta con un pol\u00edgono habilitado para su uso con armas cortas (pistolas y rev\u00f3lveres) y armas largas (hasta calibre 22LR), con 6 l\u00edneas de tiro a 25 y 50 metros, se\u00f1ales luminosas y auditivas y control permanente de Instructores de Tiro habilitados por ANMAC. Tiro con &hellip;<\/p>\n<p class=\"read-more\"> <a class=\"\" href=\"https:\/\/tirofederalgualeguay.com.ar\/?page_id=616\"> <span class=\"screen-reader-text\">Tiro Deportivo<\/span> Read More &raquo;<\/a><\/p>\n","protected":false},"author":2,"featured_media":0,"parent":0,"menu_order":0,"comment_status":"closed","ping_status":"closed","template":"","meta":{"om_disable_all_campaigns":false,"_monsterinsights_skip_tracking":false,"_monsterinsights_sitenote_active":false,"_monsterinsights_sitenote_note":"","_monsterinsights_sitenote_category":0,"site-sidebar-layout":"no-sidebar","site-content-layout":"page-builder","ast-global-header-display":"","ast-main-header-display":"","ast-hfb-above-header-display":"","ast-hfb-below-header-display":"","ast-hfb-mobile-header-display":"","site-post-title":"disabled","ast-breadcrumbs-content":"","ast-featured-img":"disabled","footer-sml-layout":"","theme-transparent-header-meta":"","adv-header-id-meta":"","stick-header-meta":"","header-above-stick-meta":"","header-main-stick-meta":"","header-below-stick-meta":""},"_links":{"self":[{"href":"https:\/\/tirofederalgualeguay.com.ar\/index.php?rest_route=\/wp\/v2\/pages\/616"}],"collection":[{"href":"https:\/\/tirofederalgualeguay.com.ar\/index.php?rest_route=\/wp\/v2\/pages"}],"about":[{"href":"https:\/\/tirofederalgualeguay.com.ar\/index.php?rest_route=\/wp\/v2\/types\/page"}],"author":[{"embeddable":true,"href":"https:\/\/tirofederalgualeguay.com.ar\/index.php?rest_route=\/wp\/v2\/users\/2"}],"replies":[{"embeddable":true,"href":"https:\/\/tirofederalgualeguay.com.ar\/index.php?rest_route=%2Fwp%2Fv2%2Fcomments&post=616"}],"version-history":[{"count":4,"href":"https:\/\/tirofederalgualeguay.com.ar\/index.php?rest_route=\/wp\/v2\/pages\/616\/revisions"}],"predecessor-version":[{"id":621,"href":"https:\/\/tirofederalgualeguay.com.ar\/index.php?rest_route=\/wp\/v2\/pages\/616\/revisions\/621"}],"wp:attachment":[{"href":"https:\/\/tirofederalgualeguay.com.ar\/index.php?rest_route=%2Fwp%2Fv2%2Fmedia&parent=616"}],"curies":[{"name":"wp","href":"https:\/\/api.w.org\/{rel}","templated":true}]}}