{"id":512,"date":"2022-06-02T19:56:35","date_gmt":"2022-06-02T19:56:35","guid":{"rendered":"https:\/\/tirofederalgualeguay.com.ar\/?page_id=512"},"modified":"2022-06-02T20:39:18","modified_gmt":"2022-06-02T20:39:18","slug":"contacto","status":"publish","type":"page","link":"https:\/\/tirofederalgualeguay.com.ar\/?page_id=512","title":{"rendered":"Contacto"},"content":{"rendered":"\t\t<div data-elementor-type=\"wp-page\" data-elementor-id=\"512\" class=\"elementor elementor-512\">\n\t\t\t\t\t\t\t\t\t<section class=\"elementor-section elementor-top-section elementor-element elementor-element-a232513 elementor-section-boxed elementor-section-height-default elementor-section-height-default\" data-id=\"a232513\" data-element_type=\"section\">\n\t\t\t\t\t\t<div class=\"elementor-container elementor-column-gap-default\">\n\t\t\t\t\t<div class=\"elementor-column elementor-col-100 elementor-top-column elementor-element elementor-element-779f2df\" data-id=\"779f2df\" data-element_type=\"column\">\n\t\t\t<div class=\"elementor-widget-wrap elementor-element-populated\">\n\t\t\t\t\t\t\t\t<div class=\"elementor-element elementor-element-0eff414 elementor-widget elementor-widget-heading\" data-id=\"0eff414\" data-element_type=\"widget\" data-widget_type=\"heading.default\">\n\t\t\t\t<div class=\"elementor-widget-container\">\n\t\t\t<style>\/*! elementor - v3.6.5 - 27-04-2022 *\/\n.elementor-heading-title{padding:0;margin:0;line-height:1}.elementor-widget-heading .elementor-heading-title[class*=elementor-size-]>a{color:inherit;font-size:inherit;line-height:inherit}.elementor-widget-heading .elementor-heading-title.elementor-size-small{font-size:15px}.elementor-widget-heading .elementor-heading-title.elementor-size-medium{font-size:19px}.elementor-widget-heading .elementor-heading-title.elementor-size-large{font-size:29px}.elementor-widget-heading .elementor-heading-title.elementor-size-xl{font-size:39px}.elementor-widget-heading .elementor-heading-title.elementor-size-xxl{font-size:59px}<\/style><h2 class=\"elementor-heading-title elementor-size-default\">Contacto<\/h2>\t\t<\/div>\n\t\t\t\t<\/div>\n\t\t\t\t\t<\/div>\n\t\t<\/div>\n\t\t\t\t\t\t\t<\/div>\n\t\t<\/section>\n\t\t\t\t<section class=\"elementor-section elementor-top-section elementor-element elementor-element-a3e2d06 elementor-section-boxed elementor-section-height-default elementor-section-height-default\" data-id=\"a3e2d06\" data-element_type=\"section\">\n\t\t\t\t\t\t<div class=\"elementor-container elementor-column-gap-default\">\n\t\t\t\t\t<div class=\"elementor-column elementor-col-66 elementor-top-column elementor-element elementor-element-45dca5d\" data-id=\"45dca5d\" data-element_type=\"column\">\n\t\t\t<div class=\"elementor-widget-wrap elementor-element-populated\">\n\t\t\t\t\t\t\t\t<div class=\"elementor-element elementor-element-d132abb elementor-widget elementor-widget-text-editor\" data-id=\"d132abb\" data-element_type=\"widget\" data-widget_type=\"text-editor.default\">\n\t\t\t\t<div class=\"elementor-widget-container\">\n\t\t\t<style>\/*! elementor - v3.6.5 - 27-04-2022 *\/\n.elementor-widget-text-editor.elementor-drop-cap-view-stacked .elementor-drop-cap{background-color:#818a91;color:#fff}.elementor-widget-text-editor.elementor-drop-cap-view-framed .elementor-drop-cap{color:#818a91;border:3px solid;background-color:transparent}.elementor-widget-text-editor:not(.elementor-drop-cap-view-default) .elementor-drop-cap{margin-top:8px}.elementor-widget-text-editor:not(.elementor-drop-cap-view-default) .elementor-drop-cap-letter{width:1em;height:1em}.elementor-widget-text-editor .elementor-drop-cap{float:left;text-align:center;line-height:1;font-size:50px}.elementor-widget-text-editor .elementor-drop-cap-letter{display:inline-block}<\/style>\t\t\t\t<p><strong>Tel\u00e9fonos de contacto<\/strong><\/p><p><span class=\"elementor-icon-list-text\">Comisi\u00f3n Directiva (3446) 596464<\/span><\/p><p><span class=\"elementor-icon-list-text\">Tiro deportivo (3444) 444192<\/span><\/p><p><span class=\"elementor-icon-list-text\">Idoneidad de tiro (3446) 596464 \/ (3444) 444192<\/span><\/p><p><span style=\"font-size: 16px;\">Escuelita de tiro (3444) 444192<\/span><\/p><p><span class=\"elementor-icon-list-text\">F\u00fatbol Femenino (3444) 581326<\/span><\/p><p><span class=\"elementor-icon-list-text\">F\u00fatbol infantil Femenino (3444) 463964<\/span><\/p><p><span class=\"elementor-icon-list-text\">Arquer\u00eda (3444) 573864<\/span><\/p><p>\u00a0<\/p><p><strong>E-mail:<\/strong> <a href=\"mailto:tfgualeguay@gmail.com\">tfgualeguay@gmail.com<\/a><\/p>\t\t\t\t\t\t<\/div>\n\t\t\t\t<\/div>\n\t\t\t\t\t<\/div>\n\t\t<\/div>\n\t\t\t\t<div class=\"elementor-column elementor-col-33 elementor-top-column elementor-element elementor-element-23e5e18\" data-id=\"23e5e18\" data-element_type=\"column\">\n\t\t\t<div class=\"elementor-widget-wrap elementor-element-populated\">\n\t\t\t\t\t\t\t\t<div class=\"elementor-element elementor-element-7cff691 elementor-widget elementor-widget-image\" data-id=\"7cff691\" data-element_type=\"widget\" data-widget_type=\"image.default\">\n\t\t\t\t<div class=\"elementor-widget-container\">\n\t\t\t<style>\/*! elementor - v3.6.5 - 27-04-2022 *\/\n.elementor-widget-image{text-align:center}.elementor-widget-image a{display:inline-block}.elementor-widget-image a img[src$=\".svg\"]{width:48px}.elementor-widget-image img{vertical-align:middle;display:inline-block}<\/style>\t\t\t\t\t\t\t\t\t\t\t\t<img width=\"1024\" height=\"768\" src=\"https:\/\/tirofederalgualeguay.com.ar\/wp-content\/uploads\/2022\/05\/20191214_164132-1024x768.jpg\" class=\"attachment-large size-large\" alt=\"\" loading=\"lazy\" srcset=\"https:\/\/tirofederalgualeguay.com.ar\/wp-content\/uploads\/2022\/05\/20191214_164132-1024x768.jpg 1024w, https:\/\/tirofederalgualeguay.com.ar\/wp-content\/uploads\/2022\/05\/20191214_164132-300x225.jpg 300w, https:\/\/tirofederalgualeguay.com.ar\/wp-content\/uploads\/2022\/05\/20191214_164132-768x576.jpg 768w, https:\/\/tirofederalgualeguay.com.ar\/wp-content\/uploads\/2022\/05\/20191214_164132-1536x1152.jpg 1536w, https:\/\/tirofederalgualeguay.com.ar\/wp-content\/uploads\/2022\/05\/20191214_164132-2048x1536.jpg 2048w\" sizes=\"(max-width: 1024px) 100vw, 1024px\" \/>\t\t\t\t\t\t\t\t\t\t\t\t\t\t\t<\/div>\n\t\t\t\t<\/div>\n\t\t\t\t\t<\/div>\n\t\t<\/div>\n\t\t\t\t\t\t\t<\/div>\n\t\t<\/section>\n\t\t\t\t<section class=\"elementor-section elementor-top-section elementor-element elementor-element-b664833 elementor-section-boxed elementor-section-height-default elementor-section-height-default\" data-id=\"b664833\" data-element_type=\"section\">\n\t\t\t\t\t\t<div class=\"elementor-container elementor-column-gap-default\">\n\t\t\t\t\t<div class=\"elementor-column elementor-col-33 elementor-top-column elementor-element elementor-element-4616d5e\" data-id=\"4616d5e\" data-element_type=\"column\">\n\t\t\t<div class=\"elementor-widget-wrap elementor-element-populated\">\n\t\t\t\t\t\t\t\t<div class=\"elementor-element elementor-element-01a9ba7 elementor-widget__width-initial elementor-view-default elementor-widget elementor-widget-icon\" data-id=\"01a9ba7\" data-element_type=\"widget\" data-widget_type=\"icon.default\">\n\t\t\t\t<div class=\"elementor-widget-container\">\n\t\t\t\t\t<div class=\"elementor-icon-wrapper\">\n\t\t\t<a class=\"elementor-icon\" href=\"https:\/\/www.facebook.com\/Tiro-Federal-Gualeguay-190473977669936\">\n\t\t\t<i aria-hidden=\"true\" class=\"fab fa-facebook\"><\/i>\t\t\t<\/a>\n\t\t<\/div>\n\t\t\t\t<\/div>\n\t\t\t\t<\/div>\n\t\t\t\t<div class=\"elementor-element elementor-element-c2043fc elementor-widget__width-initial elementor-view-default elementor-widget elementor-widget-icon\" data-id=\"c2043fc\" data-element_type=\"widget\" data-widget_type=\"icon.default\">\n\t\t\t\t<div class=\"elementor-widget-container\">\n\t\t\t\t\t<div class=\"elementor-icon-wrapper\">\n\t\t\t<a class=\"elementor-icon\" href=\"https:\/\/www.instagram.com\/tirofederalgualeguay\/\">\n\t\t\t<i aria-hidden=\"true\" class=\"fab fa-instagram\"><\/i>\t\t\t<\/a>\n\t\t<\/div>\n\t\t\t\t<\/div>\n\t\t\t\t<\/div>\n\t\t\t\t\t<\/div>\n\t\t<\/div>\n\t\t\t\t<div class=\"elementor-column elementor-col-33 elementor-top-column elementor-element elementor-element-8cef4ef\" data-id=\"8cef4ef\" data-element_type=\"column\">\n\t\t\t<div class=\"elementor-widget-wrap\">\n\t\t\t\t\t\t\t\t\t<\/div>\n\t\t<\/div>\n\t\t\t\t<div class=\"elementor-column elementor-col-33 elementor-top-column elementor-element elementor-element-decbba2\" data-id=\"decbba2\" data-element_type=\"column\">\n\t\t\t<div class=\"elementor-widget-wrap\">\n\t\t\t\t\t\t\t\t\t<\/div>\n\t\t<\/div>\n\t\t\t\t\t\t\t<\/div>\n\t\t<\/section>\n\t\t\t\t<section class=\"elementor-section elementor-top-section elementor-element elementor-element-8e89f2b elementor-section-boxed elementor-section-height-default elementor-section-height-default\" data-id=\"8e89f2b\" data-element_type=\"section\">\n\t\t\t\t\t\t<div class=\"elementor-container elementor-column-gap-default\">\n\t\t\t\t\t<div class=\"elementor-column elementor-col-100 elementor-top-column elementor-element elementor-element-e10754c\" data-id=\"e10754c\" data-element_type=\"column\">\n\t\t\t<div class=\"elementor-widget-wrap elementor-element-populated\">\n\t\t\t\t\t\t\t\t<div class=\"elementor-element elementor-element-718e486 elementor-widget elementor-widget-google_maps\" data-id=\"718e486\" data-element_type=\"widget\" data-widget_type=\"google_maps.default\">\n\t\t\t\t<div class=\"elementor-widget-container\">\n\t\t\t<style>\/*! elementor - v3.6.5 - 27-04-2022 *\/\n.elementor-widget-google_maps .elementor-widget-container{overflow:hidden}.elementor-widget-google_maps iframe{height:300px}<\/style>\t\t<div class=\"elementor-custom-embed\">\n\t\t\t<iframe frameborder=\"0\" scrolling=\"no\" marginheight=\"0\" marginwidth=\"0\"\n\t\t\t\t\tsrc=\"https:\/\/www.google.com\/maps\/embed\/v1\/place?key=AIzaSyAiIp8h-lvBifwSyPkD4xG66jL8pxNFDiE&#038;q=Tiro%20Federal%20Gualeguay%2C%20Florencio%20Deris%2C%20Gualeguay%2C%20Entre%20R%C3%ADos&#038;zoom=10\"\n\t\t\t\t\ttitle=\"Tiro Federal Gualeguay, Florencio Deris, Gualeguay, Entre R\u00edos\"\n\t\t\t\t\taria-label=\"Tiro Federal Gualeguay, Florencio Deris, Gualeguay, Entre R\u00edos\"\n\t\t\t><\/iframe>\n\t\t<\/div>\n\t\t\t\t<\/div>\n\t\t\t\t<\/div>\n\t\t\t\t\t<\/div>\n\t\t<\/div>\n\t\t\t\t\t\t\t<\/div>\n\t\t<\/section>\n\t\t\t\t\t\t\t<\/div>\n\t\t","protected":false},"excerpt":{"rendered":"<p>Contacto Tel\u00e9fonos de contacto Comisi\u00f3n Directiva (3446) 596464 Tiro deportivo (3444) 444192 Idoneidad de tiro (3446) 596464 \/ (3444) 444192 Escuelita de tiro (3444) 444192 F\u00fatbol Femenino (3444) 581326 F\u00fatbol infantil Femenino (3444) 463964 Arquer\u00eda (3444) 573864 \u00a0 E-mail: tfgualeguay@gmail.com<\/p>\n","protected":false},"author":2,"featured_media":0,"parent":0,"menu_order":0,"comment_status":"closed","ping_status":"closed","template":"","meta":{"om_disable_all_campaigns":false,"_monsterinsights_skip_tracking":false,"_monsterinsights_sitenote_active":false,"_monsterinsights_sitenote_note":"","_monsterinsights_sitenote_category":0,"site-sidebar-layout":"no-sidebar","site-content-layout":"page-builder","ast-global-header-display":"","ast-main-header-display":"","ast-hfb-above-header-display":"","ast-hfb-below-header-display":"","ast-hfb-mobile-header-display":"","site-post-title":"disabled","ast-breadcrumbs-content":"","ast-featured-img":"disabled","footer-sml-layout":"","theme-transparent-header-meta":"","adv-header-id-meta":"","stick-header-meta":"","header-above-stick-meta":"","header-main-stick-meta":"","header-below-stick-meta":""},"_links":{"self":[{"href":"https:\/\/tirofederalgualeguay.com.ar\/index.php?rest_route=\/wp\/v2\/pages\/512"}],"collection":[{"href":"https:\/\/tirofederalgualeguay.com.ar\/index.php?rest_route=\/wp\/v2\/pages"}],"about":[{"href":"https:\/\/tirofederalgualeguay.com.ar\/index.php?rest_route=\/wp\/v2\/types\/page"}],"author":[{"embeddable":true,"href":"https:\/\/tirofederalgualeguay.com.ar\/index.php?rest_route=\/wp\/v2\/users\/2"}],"replies":[{"embeddable":true,"href":"https:\/\/tirofederalgualeguay.com.ar\/index.php?rest_route=%2Fwp%2Fv2%2Fcomments&post=512"}],"version-history":[{"count":19,"href":"https:\/\/tirofederalgualeguay.com.ar\/index.php?rest_route=\/wp\/v2\/pages\/512\/revisions"}],"predecessor-version":[{"id":540,"href":"https:\/\/tirofederalgualeguay.com.ar\/index.php?rest_route=\/wp\/v2\/pages\/512\/revisions\/540"}],"wp:attachment":[{"href":"https:\/\/tirofederalgualeguay.com.ar\/index.php?rest_route=%2Fwp%2Fv2%2Fmedia&parent=512"}],"curies":[{"name":"wp","href":"https:\/\/api.w.org\/{rel}","templated":true}]}}