{"id":498,"date":"2022-06-02T19:29:59","date_gmt":"2022-06-02T19:29:59","guid":{"rendered":"https:\/\/tirofederalgualeguay.com.ar\/?page_id=498"},"modified":"2022-06-03T19:57:35","modified_gmt":"2022-06-03T19:57:35","slug":"institucional","status":"publish","type":"page","link":"https:\/\/tirofederalgualeguay.com.ar\/?page_id=498","title":{"rendered":"Institucional"},"content":{"rendered":"\t\t<div data-elementor-type=\"wp-page\" data-elementor-id=\"498\" class=\"elementor elementor-498\">\n\t\t\t\t\t\t\t\t\t<section class=\"elementor-section elementor-top-section elementor-element elementor-element-b0e3237 elementor-section-boxed elementor-section-height-default elementor-section-height-default\" data-id=\"b0e3237\" data-element_type=\"section\">\n\t\t\t\t\t\t<div class=\"elementor-container elementor-column-gap-default\">\n\t\t\t\t\t<div class=\"elementor-column elementor-col-33 elementor-top-column elementor-element elementor-element-a16a002\" data-id=\"a16a002\" data-element_type=\"column\">\n\t\t\t<div class=\"elementor-widget-wrap elementor-element-populated\">\n\t\t\t\t\t\t\t\t<div class=\"elementor-element elementor-element-15b4987 elementor-widget elementor-widget-image\" data-id=\"15b4987\" data-element_type=\"widget\" data-widget_type=\"image.default\">\n\t\t\t\t<div class=\"elementor-widget-container\">\n\t\t\t<style>\/*! elementor - v3.6.5 - 27-04-2022 *\/\n.elementor-widget-image{text-align:center}.elementor-widget-image a{display:inline-block}.elementor-widget-image a img[src$=\".svg\"]{width:48px}.elementor-widget-image img{vertical-align:middle;display:inline-block}<\/style>\t\t\t\t\t\t\t\t\t\t\t\t<img width=\"768\" height=\"576\" src=\"https:\/\/tirofederalgualeguay.com.ar\/wp-content\/uploads\/2022\/06\/WhatsApp-Image-2022-06-03-at-3.29.37-PM-768x576.jpeg\" class=\"attachment-medium_large size-medium_large\" alt=\"\" loading=\"lazy\" srcset=\"https:\/\/tirofederalgualeguay.com.ar\/wp-content\/uploads\/2022\/06\/WhatsApp-Image-2022-06-03-at-3.29.37-PM-768x576.jpeg 768w, https:\/\/tirofederalgualeguay.com.ar\/wp-content\/uploads\/2022\/06\/WhatsApp-Image-2022-06-03-at-3.29.37-PM-300x225.jpeg 300w, https:\/\/tirofederalgualeguay.com.ar\/wp-content\/uploads\/2022\/06\/WhatsApp-Image-2022-06-03-at-3.29.37-PM-1024x768.jpeg 1024w, https:\/\/tirofederalgualeguay.com.ar\/wp-content\/uploads\/2022\/06\/WhatsApp-Image-2022-06-03-at-3.29.37-PM.jpeg 1280w\" sizes=\"(max-width: 768px) 100vw, 768px\" \/>\t\t\t\t\t\t\t\t\t\t\t\t\t\t\t<\/div>\n\t\t\t\t<\/div>\n\t\t\t\t\t<\/div>\n\t\t<\/div>\n\t\t\t\t<div class=\"elementor-column elementor-col-66 elementor-top-column elementor-element elementor-element-d7d2498\" data-id=\"d7d2498\" data-element_type=\"column\">\n\t\t\t<div class=\"elementor-widget-wrap elementor-element-populated\">\n\t\t\t\t\t\t\t\t<div class=\"elementor-element elementor-element-2c59257 elementor-widget elementor-widget-text-editor\" data-id=\"2c59257\" data-element_type=\"widget\" data-widget_type=\"text-editor.default\">\n\t\t\t\t<div class=\"elementor-widget-container\">\n\t\t\t<style>\/*! elementor - v3.6.5 - 27-04-2022 *\/\n.elementor-widget-text-editor.elementor-drop-cap-view-stacked .elementor-drop-cap{background-color:#818a91;color:#fff}.elementor-widget-text-editor.elementor-drop-cap-view-framed .elementor-drop-cap{color:#818a91;border:3px solid;background-color:transparent}.elementor-widget-text-editor:not(.elementor-drop-cap-view-default) .elementor-drop-cap{margin-top:8px}.elementor-widget-text-editor:not(.elementor-drop-cap-view-default) .elementor-drop-cap-letter{width:1em;height:1em}.elementor-widget-text-editor .elementor-drop-cap{float:left;text-align:center;line-height:1;font-size:50px}.elementor-widget-text-editor .elementor-drop-cap-letter{display:inline-block}<\/style>\t\t\t\t<p style=\"text-align: center;\"><strong>Comisi\u00f3n Directiva<br \/>2021 &#8211; 2023<\/strong><\/p><p style=\"text-align: center;\">Durand Alejandro &#8211; Presidente<\/p><p style=\"text-align: center;\">Benedetti Sebasti\u00e1n &#8211; Vicepresidente<\/p><p style=\"text-align: center;\">Sosa Mart\u00edn &#8211; Secretario<\/p><p style=\"text-align: center;\">G\u00f3mez Domingo &#8211; Pro Secretario<\/p><p style=\"text-align: center;\">Bozzani Saul &#8211;\u00a0<span style=\"text-align: var(--bs-body-text-align);\">Tesorero<\/span><\/p><p style=\"text-align: center;\"><span style=\"text-align: var(--bs-body-text-align);\">Sosa Juan Jos\u00e9 &#8211; Pro Tesorero<\/span><\/p><p style=\"text-align: center;\"><span style=\"text-align: var(--bs-body-text-align);\">Taffarel Leopoldo &#8211; 1er. Vocal<\/span><\/p><p style=\"text-align: center;\"><span style=\"text-align: var(--bs-body-text-align);\">Camarano Ignacio &#8211; 2do. Vocal<\/span><\/p><p style=\"text-align: center;\"><span style=\"text-align: var(--bs-body-text-align);\">Mendez Luis &#8211; 3er. Vocal<\/span><\/p><p style=\"text-align: center;\"><span style=\"text-align: var(--bs-body-text-align);\">Maciel Valentina &#8211; Vocal Suplente<\/span><\/p><p style=\"text-align: center;\"><span style=\"text-align: var(--bs-body-text-align);\">\u00a0<\/span><\/p><p style=\"text-align: center;\"><span style=\"text-align: var(--bs-body-text-align);\"><b>Revisores de Cuenta:<\/b><br \/>Santiago Kober<br \/>Freyre Federico<\/span><\/p><p style=\"text-align: center;\"><span style=\"text-align: var(--bs-body-text-align);\">\u00a0<\/span><span style=\"text-align: var(--bs-body-text-align);\"><b>Director de Tiro<\/b><br \/>Ormachea Sebasti\u00e1n<\/span><\/p><p style=\"text-align: center;\"><strong><span style=\"text-align: var(--bs-body-text-align);\">Instructores de tiro:<br \/><\/span><\/strong><span style=\"text-align: var(--bs-body-text-align);\">Sebasti\u00e1n Benedetti &#8211; ITB 5861<br \/>Alejandro Durand &#8211; ITB 6405<\/span><\/p>\t\t\t\t\t\t<\/div>\n\t\t\t\t<\/div>\n\t\t\t\t\t<\/div>\n\t\t<\/div>\n\t\t\t\t\t\t\t<\/div>\n\t\t<\/section>\n\t\t\t\t\t\t\t<\/div>\n\t\t","protected":false},"excerpt":{"rendered":"<p>Comisi\u00f3n Directiva2021 &#8211; 2023 Durand Alejandro &#8211; Presidente Benedetti Sebasti\u00e1n &#8211; Vicepresidente Sosa Mart\u00edn &#8211; Secretario G\u00f3mez Domingo &#8211; Pro Secretario Bozzani Saul &#8211;\u00a0Tesorero Sosa Juan Jos\u00e9 &#8211; Pro Tesorero Taffarel Leopoldo &#8211; 1er. Vocal Camarano Ignacio &#8211; 2do. Vocal Mendez Luis &#8211; 3er. Vocal Maciel Valentina &#8211; Vocal Suplente \u00a0 Revisores de Cuenta:Santiago KoberFreyre &hellip;<\/p>\n<p class=\"read-more\"> <a class=\"\" href=\"https:\/\/tirofederalgualeguay.com.ar\/?page_id=498\"> <span class=\"screen-reader-text\">Institucional<\/span> Read More &raquo;<\/a><\/p>\n","protected":false},"author":2,"featured_media":0,"parent":0,"menu_order":0,"comment_status":"closed","ping_status":"closed","template":"","meta":{"om_disable_all_campaigns":false,"_monsterinsights_skip_tracking":false,"_monsterinsights_sitenote_active":false,"_monsterinsights_sitenote_note":"","_monsterinsights_sitenote_category":0,"site-sidebar-layout":"no-sidebar","site-content-layout":"page-builder","ast-global-header-display":"","ast-main-header-display":"","ast-hfb-above-header-display":"","ast-hfb-below-header-display":"","ast-hfb-mobile-header-display":"","site-post-title":"disabled","ast-breadcrumbs-content":"","ast-featured-img":"disabled","footer-sml-layout":"","theme-transparent-header-meta":"","adv-header-id-meta":"","stick-header-meta":"","header-above-stick-meta":"","header-main-stick-meta":"","header-below-stick-meta":""},"_links":{"self":[{"href":"https:\/\/tirofederalgualeguay.com.ar\/index.php?rest_route=\/wp\/v2\/pages\/498"}],"collection":[{"href":"https:\/\/tirofederalgualeguay.com.ar\/index.php?rest_route=\/wp\/v2\/pages"}],"about":[{"href":"https:\/\/tirofederalgualeguay.com.ar\/index.php?rest_route=\/wp\/v2\/types\/page"}],"author":[{"embeddable":true,"href":"https:\/\/tirofederalgualeguay.com.ar\/index.php?rest_route=\/wp\/v2\/users\/2"}],"replies":[{"embeddable":true,"href":"https:\/\/tirofederalgualeguay.com.ar\/index.php?rest_route=%2Fwp%2Fv2%2Fcomments&post=498"}],"version-history":[{"count":10,"href":"https:\/\/tirofederalgualeguay.com.ar\/index.php?rest_route=\/wp\/v2\/pages\/498\/revisions"}],"predecessor-version":[{"id":644,"href":"https:\/\/tirofederalgualeguay.com.ar\/index.php?rest_route=\/wp\/v2\/pages\/498\/revisions\/644"}],"wp:attachment":[{"href":"https:\/\/tirofederalgualeguay.com.ar\/index.php?rest_route=%2Fwp%2Fv2%2Fmedia&parent=498"}],"curies":[{"name":"wp","href":"https:\/\/api.w.org\/{rel}","templated":true}]}}