{"id":329,"date":"2022-05-27T20:40:40","date_gmt":"2022-05-27T20:40:40","guid":{"rendered":"https:\/\/tirofederalgualeguay.com.ar\/?page_id=329"},"modified":"2022-05-31T10:36:27","modified_gmt":"2022-05-31T10:36:27","slug":"futbol","status":"publish","type":"page","link":"https:\/\/tirofederalgualeguay.com.ar\/?page_id=329","title":{"rendered":"F\u00fatbol"},"content":{"rendered":"\t\t<div data-elementor-type=\"wp-page\" data-elementor-id=\"329\" class=\"elementor elementor-329\">\n\t\t\t\t\t\t\t\t\t<section class=\"elementor-section elementor-top-section elementor-element elementor-element-2167451 elementor-section-boxed elementor-section-height-default elementor-section-height-default\" data-id=\"2167451\" data-element_type=\"section\">\n\t\t\t\t\t\t<div class=\"elementor-container elementor-column-gap-default\">\n\t\t\t\t\t<div class=\"elementor-column elementor-col-100 elementor-top-column elementor-element elementor-element-10b0304\" data-id=\"10b0304\" data-element_type=\"column\">\n\t\t\t<div class=\"elementor-widget-wrap elementor-element-populated\">\n\t\t\t\t\t\t\t\t<section class=\"elementor-section elementor-inner-section elementor-element elementor-element-ba08611 elementor-section-boxed elementor-section-height-default elementor-section-height-default\" data-id=\"ba08611\" data-element_type=\"section\">\n\t\t\t\t\t\t<div class=\"elementor-container elementor-column-gap-default\">\n\t\t\t\t\t<div class=\"elementor-column elementor-col-50 elementor-inner-column elementor-element elementor-element-fece8aa\" data-id=\"fece8aa\" data-element_type=\"column\">\n\t\t\t<div class=\"elementor-widget-wrap elementor-element-populated\">\n\t\t\t\t\t\t\t\t<div class=\"elementor-element elementor-element-d573a38 elementor-widget elementor-widget-text-editor\" data-id=\"d573a38\" data-element_type=\"widget\" data-widget_type=\"text-editor.default\">\n\t\t\t\t<div class=\"elementor-widget-container\">\n\t\t\t<style>\/*! elementor - v3.6.5 - 27-04-2022 *\/\n.elementor-widget-text-editor.elementor-drop-cap-view-stacked .elementor-drop-cap{background-color:#818a91;color:#fff}.elementor-widget-text-editor.elementor-drop-cap-view-framed .elementor-drop-cap{color:#818a91;border:3px solid;background-color:transparent}.elementor-widget-text-editor:not(.elementor-drop-cap-view-default) .elementor-drop-cap{margin-top:8px}.elementor-widget-text-editor:not(.elementor-drop-cap-view-default) .elementor-drop-cap-letter{width:1em;height:1em}.elementor-widget-text-editor .elementor-drop-cap{float:left;text-align:center;line-height:1;font-size:50px}.elementor-widget-text-editor .elementor-drop-cap-letter{display:inline-block}<\/style>\t\t\t\t<p><span style=\"font-weight: bold;\">F\u00fatbol Femenino &#8211; Primera divisi\u00f3n<\/span><strong><br \/><\/strong><\/p><p><strong><img loading=\"lazy\" class=\"alignnone size-medium wp-image-416\" src=\"http:\/\/tirofederalgualeguay.com.ar\/wp-content\/uploads\/2022\/05\/WhatsApp-Image-2022-05-30-at-6.07.59-PM-300x225.jpeg\" alt=\"\" width=\"300\" height=\"225\" srcset=\"https:\/\/tirofederalgualeguay.com.ar\/wp-content\/uploads\/2022\/05\/WhatsApp-Image-2022-05-30-at-6.07.59-PM-300x225.jpeg 300w, https:\/\/tirofederalgualeguay.com.ar\/wp-content\/uploads\/2022\/05\/WhatsApp-Image-2022-05-30-at-6.07.59-PM.jpeg 720w\" sizes=\"(max-width: 300px) 100vw, 300px\" \/><\/strong><\/p><p>\u00a0<\/p><p>Formado en el a\u00f1o 2021, el equipo de primera divisi\u00f3n del Tiro Federal participa en la Liga Departamental de F\u00fatbol Femenino, obteniendo el 4to. lugar en el 1er. campeonato local. Actualmente se encuentra en preparaci\u00f3n una nueva formaci\u00f3n para disputar el pr\u00f3ximo torneo.<br \/><span style=\"font-style: inherit; font-weight: inherit; background-color: var(--ast-global-color-5); color: var(--ast-global-color-3);\"><br \/>DT: Jonathan G\u00f3mez<\/span><\/p><p>\u00a0<\/p>\t\t\t\t\t\t<\/div>\n\t\t\t\t<\/div>\n\t\t\t\t\t<\/div>\n\t\t<\/div>\n\t\t\t\t<div class=\"elementor-column elementor-col-50 elementor-inner-column elementor-element elementor-element-7f28227\" data-id=\"7f28227\" data-element_type=\"column\">\n\t\t\t<div class=\"elementor-widget-wrap elementor-element-populated\">\n\t\t\t\t\t\t\t\t<div class=\"elementor-element elementor-element-58fd69a elementor-widget elementor-widget-text-editor\" data-id=\"58fd69a\" data-element_type=\"widget\" data-widget_type=\"text-editor.default\">\n\t\t\t\t<div class=\"elementor-widget-container\">\n\t\t\t\t\t\t\t<p><span style=\"font-weight: bold;\">F\u00fatbol Femenino &#8211; Infantil<\/span><b><br \/><\/b><\/p><p><b><img loading=\"lazy\" class=\"alignnone size-medium wp-image-417\" src=\"http:\/\/tirofederalgualeguay.com.ar\/wp-content\/uploads\/2022\/05\/WhatsApp-Image-2022-05-30-at-8.21.02-PM-1-300x215.jpeg\" alt=\"\" width=\"300\" height=\"215\" srcset=\"https:\/\/tirofederalgualeguay.com.ar\/wp-content\/uploads\/2022\/05\/WhatsApp-Image-2022-05-30-at-8.21.02-PM-1-300x215.jpeg 300w, https:\/\/tirofederalgualeguay.com.ar\/wp-content\/uploads\/2022\/05\/WhatsApp-Image-2022-05-30-at-8.21.02-PM-1-1024x735.jpeg 1024w, https:\/\/tirofederalgualeguay.com.ar\/wp-content\/uploads\/2022\/05\/WhatsApp-Image-2022-05-30-at-8.21.02-PM-1-768x551.jpeg 768w, https:\/\/tirofederalgualeguay.com.ar\/wp-content\/uploads\/2022\/05\/WhatsApp-Image-2022-05-30-at-8.21.02-PM-1.jpeg 1080w\" sizes=\"(max-width: 300px) 100vw, 300px\" \/><\/b><\/p><p>\u00a0<\/p><p>En el a\u00f1o 2022 se conforma la escuelita de f\u00fatbol infantil del Tiro Federal, la cual cuenta con la participaci\u00f3n de m\u00e1s de 60 jugadoras en diferentes categor\u00edas, teniendo el orgullo de ser las organizadoras del primer torneo de f\u00fatbol femenino infantil desarrollado en nuestra ciudad.<\/p><p>DT: Yamila Buet<\/p>\t\t\t\t\t\t<\/div>\n\t\t\t\t<\/div>\n\t\t\t\t\t<\/div>\n\t\t<\/div>\n\t\t\t\t\t\t\t<\/div>\n\t\t<\/section>\n\t\t\t\t\t<\/div>\n\t\t<\/div>\n\t\t\t\t\t\t\t<\/div>\n\t\t<\/section>\n\t\t\t\t<section class=\"elementor-section elementor-top-section elementor-element elementor-element-50828f4 elementor-section-boxed elementor-section-height-default elementor-section-height-default\" data-id=\"50828f4\" data-element_type=\"section\">\n\t\t\t\t\t\t<div class=\"elementor-container elementor-column-gap-default\">\n\t\t\t\t\t<div class=\"elementor-column elementor-col-25 elementor-top-column elementor-element elementor-element-b9aab61\" data-id=\"b9aab61\" data-element_type=\"column\">\n\t\t\t<div class=\"elementor-widget-wrap elementor-element-populated\">\n\t\t\t\t\t\t\t\t<div class=\"elementor-element elementor-element-25db16c elementor-widget elementor-widget-image\" data-id=\"25db16c\" data-element_type=\"widget\" data-widget_type=\"image.default\">\n\t\t\t\t<div class=\"elementor-widget-container\">\n\t\t\t<style>\/*! elementor - v3.6.5 - 27-04-2022 *\/\n.elementor-widget-image{text-align:center}.elementor-widget-image a{display:inline-block}.elementor-widget-image a img[src$=\".svg\"]{width:48px}.elementor-widget-image img{vertical-align:middle;display:inline-block}<\/style>\t\t\t\t\t\t\t\t\t\t\t\t<img width=\"640\" height=\"960\" src=\"https:\/\/tirofederalgualeguay.com.ar\/wp-content\/uploads\/2022\/05\/WhatsApp-Image-2022-05-30-at-6.08.00-PM.jpeg\" class=\"attachment-large size-large\" alt=\"\" loading=\"lazy\" srcset=\"https:\/\/tirofederalgualeguay.com.ar\/wp-content\/uploads\/2022\/05\/WhatsApp-Image-2022-05-30-at-6.08.00-PM.jpeg 640w, https:\/\/tirofederalgualeguay.com.ar\/wp-content\/uploads\/2022\/05\/WhatsApp-Image-2022-05-30-at-6.08.00-PM-200x300.jpeg 200w\" sizes=\"(max-width: 640px) 100vw, 640px\" \/>\t\t\t\t\t\t\t\t\t\t\t\t\t\t\t<\/div>\n\t\t\t\t<\/div>\n\t\t\t\t\t<\/div>\n\t\t<\/div>\n\t\t\t\t<div class=\"elementor-column elementor-col-50 elementor-top-column elementor-element elementor-element-bbbfeca\" data-id=\"bbbfeca\" data-element_type=\"column\">\n\t\t\t<div class=\"elementor-widget-wrap elementor-element-populated\">\n\t\t\t\t\t\t\t\t<div class=\"elementor-element elementor-element-56783ad elementor-widget elementor-widget-image\" data-id=\"56783ad\" data-element_type=\"widget\" data-widget_type=\"image.default\">\n\t\t\t\t<div class=\"elementor-widget-container\">\n\t\t\t\t\t\t\t\t\t\t\t\t\t\t\t<img width=\"719\" height=\"350\" src=\"https:\/\/tirofederalgualeguay.com.ar\/wp-content\/uploads\/2022\/05\/WhatsApp-Image-2022-05-30-at-6.08.00-PM-1.jpeg\" class=\"attachment-large size-large\" alt=\"\" loading=\"lazy\" srcset=\"https:\/\/tirofederalgualeguay.com.ar\/wp-content\/uploads\/2022\/05\/WhatsApp-Image-2022-05-30-at-6.08.00-PM-1.jpeg 719w, https:\/\/tirofederalgualeguay.com.ar\/wp-content\/uploads\/2022\/05\/WhatsApp-Image-2022-05-30-at-6.08.00-PM-1-300x146.jpeg 300w\" sizes=\"(max-width: 719px) 100vw, 719px\" \/>\t\t\t\t\t\t\t\t\t\t\t\t\t\t\t<\/div>\n\t\t\t\t<\/div>\n\t\t\t\t\t<\/div>\n\t\t<\/div>\n\t\t\t\t<div class=\"elementor-column elementor-col-25 elementor-top-column elementor-element elementor-element-96b6732\" data-id=\"96b6732\" data-element_type=\"column\">\n\t\t\t<div class=\"elementor-widget-wrap elementor-element-populated\">\n\t\t\t\t\t\t\t\t<div class=\"elementor-element elementor-element-540d93e elementor-widget elementor-widget-image\" data-id=\"540d93e\" data-element_type=\"widget\" data-widget_type=\"image.default\">\n\t\t\t\t<div class=\"elementor-widget-container\">\n\t\t\t\t\t\t\t\t\t\t\t\t\t\t\t<img width=\"640\" height=\"960\" src=\"https:\/\/tirofederalgualeguay.com.ar\/wp-content\/uploads\/2022\/05\/WhatsApp-Image-2022-05-30-at-6.07.59-PM-1.jpeg\" class=\"attachment-large size-large\" alt=\"\" loading=\"lazy\" srcset=\"https:\/\/tirofederalgualeguay.com.ar\/wp-content\/uploads\/2022\/05\/WhatsApp-Image-2022-05-30-at-6.07.59-PM-1.jpeg 640w, https:\/\/tirofederalgualeguay.com.ar\/wp-content\/uploads\/2022\/05\/WhatsApp-Image-2022-05-30-at-6.07.59-PM-1-200x300.jpeg 200w\" sizes=\"(max-width: 640px) 100vw, 640px\" \/>\t\t\t\t\t\t\t\t\t\t\t\t\t\t\t<\/div>\n\t\t\t\t<\/div>\n\t\t\t\t\t<\/div>\n\t\t<\/div>\n\t\t\t\t\t\t\t<\/div>\n\t\t<\/section>\n\t\t\t\t<section class=\"elementor-section elementor-top-section elementor-element elementor-element-6647244 elementor-section-boxed elementor-section-height-default elementor-section-height-default\" data-id=\"6647244\" data-element_type=\"section\">\n\t\t\t\t\t\t<div class=\"elementor-container elementor-column-gap-default\">\n\t\t\t\t\t<div class=\"elementor-column elementor-col-50 elementor-top-column elementor-element elementor-element-4af8710\" data-id=\"4af8710\" data-element_type=\"column\">\n\t\t\t<div class=\"elementor-widget-wrap elementor-element-populated\">\n\t\t\t\t\t\t\t\t<div class=\"elementor-element elementor-element-2f63650 elementor-widget elementor-widget-image\" data-id=\"2f63650\" data-element_type=\"widget\" data-widget_type=\"image.default\">\n\t\t\t\t<div class=\"elementor-widget-container\">\n\t\t\t\t\t\t\t\t\t\t\t\t\t\t\t<img width=\"1024\" height=\"768\" src=\"https:\/\/tirofederalgualeguay.com.ar\/wp-content\/uploads\/2022\/05\/WhatsApp-Image-2022-05-30-at-8.33.26-PM-1024x768.jpeg\" class=\"attachment-large size-large\" alt=\"\" loading=\"lazy\" srcset=\"https:\/\/tirofederalgualeguay.com.ar\/wp-content\/uploads\/2022\/05\/WhatsApp-Image-2022-05-30-at-8.33.26-PM-1024x768.jpeg 1024w, https:\/\/tirofederalgualeguay.com.ar\/wp-content\/uploads\/2022\/05\/WhatsApp-Image-2022-05-30-at-8.33.26-PM-300x225.jpeg 300w, https:\/\/tirofederalgualeguay.com.ar\/wp-content\/uploads\/2022\/05\/WhatsApp-Image-2022-05-30-at-8.33.26-PM-768x576.jpeg 768w, https:\/\/tirofederalgualeguay.com.ar\/wp-content\/uploads\/2022\/05\/WhatsApp-Image-2022-05-30-at-8.33.26-PM-1536x1152.jpeg 1536w, https:\/\/tirofederalgualeguay.com.ar\/wp-content\/uploads\/2022\/05\/WhatsApp-Image-2022-05-30-at-8.33.26-PM.jpeg 1600w\" sizes=\"(max-width: 1024px) 100vw, 1024px\" \/>\t\t\t\t\t\t\t\t\t\t\t\t\t\t\t<\/div>\n\t\t\t\t<\/div>\n\t\t\t\t\t<\/div>\n\t\t<\/div>\n\t\t\t\t<div class=\"elementor-column elementor-col-50 elementor-top-column elementor-element elementor-element-7e63daa\" data-id=\"7e63daa\" data-element_type=\"column\">\n\t\t\t<div class=\"elementor-widget-wrap elementor-element-populated\">\n\t\t\t\t\t\t\t\t<div class=\"elementor-element elementor-element-6c5fd67 elementor-widget elementor-widget-image\" data-id=\"6c5fd67\" data-element_type=\"widget\" data-widget_type=\"image.default\">\n\t\t\t\t<div class=\"elementor-widget-container\">\n\t\t\t\t\t\t\t\t\t\t\t\t\t\t\t<img width=\"1024\" height=\"768\" src=\"https:\/\/tirofederalgualeguay.com.ar\/wp-content\/uploads\/2022\/05\/WhatsApp-Image-2022-05-30-at-8.42.49-PM-1024x768.jpeg\" class=\"attachment-large size-large\" alt=\"\" loading=\"lazy\" srcset=\"https:\/\/tirofederalgualeguay.com.ar\/wp-content\/uploads\/2022\/05\/WhatsApp-Image-2022-05-30-at-8.42.49-PM-1024x768.jpeg 1024w, https:\/\/tirofederalgualeguay.com.ar\/wp-content\/uploads\/2022\/05\/WhatsApp-Image-2022-05-30-at-8.42.49-PM-300x225.jpeg 300w, https:\/\/tirofederalgualeguay.com.ar\/wp-content\/uploads\/2022\/05\/WhatsApp-Image-2022-05-30-at-8.42.49-PM-768x576.jpeg 768w, https:\/\/tirofederalgualeguay.com.ar\/wp-content\/uploads\/2022\/05\/WhatsApp-Image-2022-05-30-at-8.42.49-PM.jpeg 1280w\" sizes=\"(max-width: 1024px) 100vw, 1024px\" \/>\t\t\t\t\t\t\t\t\t\t\t\t\t\t\t<\/div>\n\t\t\t\t<\/div>\n\t\t\t\t\t<\/div>\n\t\t<\/div>\n\t\t\t\t\t\t\t<\/div>\n\t\t<\/section>\n\t\t\t\t<section class=\"elementor-section elementor-top-section elementor-element elementor-element-d53193f elementor-section-boxed elementor-section-height-default elementor-section-height-default\" data-id=\"d53193f\" data-element_type=\"section\">\n\t\t\t\t\t\t<div class=\"elementor-container elementor-column-gap-default\">\n\t\t\t\t\t<div class=\"elementor-column elementor-col-50 elementor-top-column elementor-element elementor-element-a9a051b\" data-id=\"a9a051b\" data-element_type=\"column\">\n\t\t\t<div class=\"elementor-widget-wrap elementor-element-populated\">\n\t\t\t\t\t\t\t\t<div class=\"elementor-element elementor-element-cdd5915 elementor-widget elementor-widget-image\" data-id=\"cdd5915\" data-element_type=\"widget\" data-widget_type=\"image.default\">\n\t\t\t\t<div class=\"elementor-widget-container\">\n\t\t\t\t\t\t\t\t\t\t\t\t\t\t\t<img width=\"1024\" height=\"768\" src=\"https:\/\/tirofederalgualeguay.com.ar\/wp-content\/uploads\/2022\/05\/WhatsApp-Image-2022-05-30-at-8.42.49-PM-1-1024x768.jpeg\" class=\"attachment-large size-large\" alt=\"\" loading=\"lazy\" srcset=\"https:\/\/tirofederalgualeguay.com.ar\/wp-content\/uploads\/2022\/05\/WhatsApp-Image-2022-05-30-at-8.42.49-PM-1-1024x768.jpeg 1024w, https:\/\/tirofederalgualeguay.com.ar\/wp-content\/uploads\/2022\/05\/WhatsApp-Image-2022-05-30-at-8.42.49-PM-1-300x225.jpeg 300w, https:\/\/tirofederalgualeguay.com.ar\/wp-content\/uploads\/2022\/05\/WhatsApp-Image-2022-05-30-at-8.42.49-PM-1-768x576.jpeg 768w, https:\/\/tirofederalgualeguay.com.ar\/wp-content\/uploads\/2022\/05\/WhatsApp-Image-2022-05-30-at-8.42.49-PM-1.jpeg 1280w\" sizes=\"(max-width: 1024px) 100vw, 1024px\" \/>\t\t\t\t\t\t\t\t\t\t\t\t\t\t\t<\/div>\n\t\t\t\t<\/div>\n\t\t\t\t\t<\/div>\n\t\t<\/div>\n\t\t\t\t<div class=\"elementor-column elementor-col-50 elementor-top-column elementor-element elementor-element-a7b979b\" data-id=\"a7b979b\" data-element_type=\"column\">\n\t\t\t<div class=\"elementor-widget-wrap elementor-element-populated\">\n\t\t\t\t\t\t\t\t<div class=\"elementor-element elementor-element-240b166 elementor-widget elementor-widget-image\" data-id=\"240b166\" data-element_type=\"widget\" data-widget_type=\"image.default\">\n\t\t\t\t<div class=\"elementor-widget-container\">\n\t\t\t\t\t\t\t\t\t\t\t\t\t\t\t<img width=\"720\" height=\"405\" src=\"https:\/\/tirofederalgualeguay.com.ar\/wp-content\/uploads\/2022\/05\/WhatsApp-Image-2022-05-30-at-8.21.02-PM.jpeg\" class=\"attachment-large size-large\" alt=\"\" loading=\"lazy\" srcset=\"https:\/\/tirofederalgualeguay.com.ar\/wp-content\/uploads\/2022\/05\/WhatsApp-Image-2022-05-30-at-8.21.02-PM.jpeg 720w, https:\/\/tirofederalgualeguay.com.ar\/wp-content\/uploads\/2022\/05\/WhatsApp-Image-2022-05-30-at-8.21.02-PM-300x169.jpeg 300w\" sizes=\"(max-width: 720px) 100vw, 720px\" \/>\t\t\t\t\t\t\t\t\t\t\t\t\t\t\t<\/div>\n\t\t\t\t<\/div>\n\t\t\t\t\t<\/div>\n\t\t<\/div>\n\t\t\t\t\t\t\t<\/div>\n\t\t<\/section>\n\t\t\t\t\t\t\t<\/div>\n\t\t","protected":false},"excerpt":{"rendered":"<p>F\u00fatbol Femenino &#8211; Primera divisi\u00f3n \u00a0 Formado en el a\u00f1o 2021, el equipo de primera divisi\u00f3n del Tiro Federal participa en la Liga Departamental de F\u00fatbol Femenino, obteniendo el 4to. lugar en el 1er. campeonato local. Actualmente se encuentra en preparaci\u00f3n una nueva formaci\u00f3n para disputar el pr\u00f3ximo torneo. DT: Jonathan G\u00f3mez \u00a0 F\u00fatbol Femenino &hellip;<\/p>\n<p class=\"read-more\"> <a class=\"\" href=\"https:\/\/tirofederalgualeguay.com.ar\/?page_id=329\"> <span class=\"screen-reader-text\">F\u00fatbol<\/span> Read More &raquo;<\/a><\/p>\n","protected":false},"author":2,"featured_media":0,"parent":0,"menu_order":0,"comment_status":"closed","ping_status":"closed","template":"","meta":{"om_disable_all_campaigns":false,"_monsterinsights_skip_tracking":false,"_monsterinsights_sitenote_active":false,"_monsterinsights_sitenote_note":"","_monsterinsights_sitenote_category":0,"site-sidebar-layout":"default","site-content-layout":"default","ast-global-header-display":"","ast-main-header-display":"","ast-hfb-above-header-display":"","ast-hfb-below-header-display":"","ast-hfb-mobile-header-display":"","site-post-title":"","ast-breadcrumbs-content":"","ast-featured-img":"","footer-sml-layout":"","theme-transparent-header-meta":"","adv-header-id-meta":"","stick-header-meta":"","header-above-stick-meta":"","header-main-stick-meta":"","header-below-stick-meta":""},"_links":{"self":[{"href":"https:\/\/tirofederalgualeguay.com.ar\/index.php?rest_route=\/wp\/v2\/pages\/329"}],"collection":[{"href":"https:\/\/tirofederalgualeguay.com.ar\/index.php?rest_route=\/wp\/v2\/pages"}],"about":[{"href":"https:\/\/tirofederalgualeguay.com.ar\/index.php?rest_route=\/wp\/v2\/types\/page"}],"author":[{"embeddable":true,"href":"https:\/\/tirofederalgualeguay.com.ar\/index.php?rest_route=\/wp\/v2\/users\/2"}],"replies":[{"embeddable":true,"href":"https:\/\/tirofederalgualeguay.com.ar\/index.php?rest_route=%2Fwp%2Fv2%2Fcomments&post=329"}],"version-history":[{"count":10,"href":"https:\/\/tirofederalgualeguay.com.ar\/index.php?rest_route=\/wp\/v2\/pages\/329\/revisions"}],"predecessor-version":[{"id":428,"href":"https:\/\/tirofederalgualeguay.com.ar\/index.php?rest_route=\/wp\/v2\/pages\/329\/revisions\/428"}],"wp:attachment":[{"href":"https:\/\/tirofederalgualeguay.com.ar\/index.php?rest_route=%2Fwp%2Fv2%2Fmedia&parent=329"}],"curies":[{"name":"wp","href":"https:\/\/api.w.org\/{rel}","templated":true}]}}